{"id":247,"date":"2026-03-15T01:00:43","date_gmt":"2026-03-15T00:00:43","guid":{"rendered":"https:\/\/melissaleite.fr\/?page_id=247"},"modified":"2026-04-07T12:25:59","modified_gmt":"2026-04-07T10:25:59","slug":"a-propos","status":"publish","type":"page","link":"https:\/\/melissaleite.fr\/?page_id=247","title":{"rendered":"\u00c0 propos"},"content":{"rendered":"\n<figure class=\"wp-block-pullquote has-small-font-size\" style=\"border-style:none;border-width:0px;margin-top:var(--wp--preset--spacing--60);margin-right:0;margin-bottom:var(--wp--preset--spacing--60);margin-left:0\"><blockquote><p>P\u00e2tissi\u00e8re et cuisini\u00e8re depuis 2013, je croque aujourd\u2019hui les d\u00e9tails qui composent un lieu, un espace de travail ou un instant de partage. Ces illustrations sont des portraits d\u00e9riv\u00e9s : sans visage, ils racontent les personnes \u00e0 travers les cuisines qu\u2019elles habitent, les objets qu\u2019elles manipulent, les gestes qu\u2019on devine.<br>\u00c0 travers ce travail, je cherche \u00e0 capturer une autre temporalit\u00e9 : celle du temps accord\u00e9 \u00e0 nos quotidiens.<\/p><\/blockquote><\/figure>\n\n\n\n<figure class=\"wp-block-image alignfull size-large\"><img loading=\"lazy\" decoding=\"async\" width=\"768\" height=\"1024\" src=\"https:\/\/melissaleite.fr\/wp-content\/uploads\/2026\/03\/melissa_leite_portrait_02-768x1024.png\" alt=\"\" class=\"wp-image-248\" srcset=\"https:\/\/melissaleite.fr\/wp-content\/uploads\/2026\/03\/melissa_leite_portrait_02-768x1024.png 768w, https:\/\/melissaleite.fr\/wp-content\/uploads\/2026\/03\/melissa_leite_portrait_02-scaled-324x432.png 324w, https:\/\/melissaleite.fr\/wp-content\/uploads\/2026\/03\/melissa_leite_portrait_02-scaled-416x555.png 416w, https:\/\/melissaleite.fr\/wp-content\/uploads\/2026\/03\/melissa_leite_portrait_02-225x300.png 225w, https:\/\/melissaleite.fr\/wp-content\/uploads\/2026\/03\/melissa_leite_portrait_02-1152x1536.png 1152w, https:\/\/melissaleite.fr\/wp-content\/uploads\/2026\/03\/melissa_leite_portrait_02-1536x2048.png 1536w, https:\/\/melissaleite.fr\/wp-content\/uploads\/2026\/03\/melissa_leite_portrait_02-scaled.png 1920w\" sizes=\"auto, (max-width: 768px) 100vw, 768px\" \/><\/figure>\n","protected":false},"excerpt":{"rendered":"<p>P\u00e2tissi\u00e8re et cuisini\u00e8re depuis 2013, je croque aujourd\u2019hui les d\u00e9tails qui composent un lieu, un espace de travail ou un instant de partage. Ces illustrations sont des portraits d\u00e9riv\u00e9s : sans visage, ils racontent les personnes \u00e0 travers les cuisines qu\u2019elles habitent, les objets qu\u2019elles manipulent, les gestes qu\u2019on devine.\u00c0 travers ce travail, je cherche [&hellip;]<\/p>\n","protected":false},"author":1,"featured_media":0,"parent":0,"menu_order":0,"comment_status":"closed","ping_status":"closed","template":"","meta":{"footnotes":""},"class_list":["post-247","page","type-page","status-publish","hentry"],"jetpack_sharing_enabled":true,"_links":{"self":[{"href":"https:\/\/melissaleite.fr\/index.php?rest_route=\/wp\/v2\/pages\/247","targetHints":{"allow":["GET"]}}],"collection":[{"href":"https:\/\/melissaleite.fr\/index.php?rest_route=\/wp\/v2\/pages"}],"about":[{"href":"https:\/\/melissaleite.fr\/index.php?rest_route=\/wp\/v2\/types\/page"}],"author":[{"embeddable":true,"href":"https:\/\/melissaleite.fr\/index.php?rest_route=\/wp\/v2\/users\/1"}],"replies":[{"embeddable":true,"href":"https:\/\/melissaleite.fr\/index.php?rest_route=%2Fwp%2Fv2%2Fcomments&post=247"}],"version-history":[{"count":8,"href":"https:\/\/melissaleite.fr\/index.php?rest_route=\/wp\/v2\/pages\/247\/revisions"}],"predecessor-version":[{"id":742,"href":"https:\/\/melissaleite.fr\/index.php?rest_route=\/wp\/v2\/pages\/247\/revisions\/742"}],"wp:attachment":[{"href":"https:\/\/melissaleite.fr\/index.php?rest_route=%2Fwp%2Fv2%2Fmedia&parent=247"}],"curies":[{"name":"wp","href":"https:\/\/api.w.org\/{rel}","templated":true}]}}