{"id":489,"date":"2026-03-31T17:29:04","date_gmt":"2026-03-31T15:29:04","guid":{"rendered":"https:\/\/melissaleite.fr\/?page_id=489"},"modified":"2026-04-02T14:09:51","modified_gmt":"2026-04-02T12:09:51","slug":"mention-legales","status":"publish","type":"page","link":"https:\/\/melissaleite.fr\/?page_id=489","title":{"rendered":"Mention L\u00e9gales"},"content":{"rendered":"\n<p><strong>\u00c9diteur du site :<\/strong><br>Carnet de Cantine<br>Site internet : <a href=\"https:\/\/melissaleite.fr\">https:\/\/melissaleite.fr<\/a><br>\u00c9dit\u00e9 par : <strong>M\u00e9lissa Leite<\/strong><br>SIRET : 938 458 361 00012<br>SIREN : 938 458 361<br>Email : <a>contact@melissaleite.fr<\/a><\/p>\n\n\n\n<p><strong>H\u00e9bergement :<\/strong><br>Le site est h\u00e9berg\u00e9 par <strong>OVH<\/strong><br>Adresse : 2 rue Kellermann \u2013 59100 Roubaix \u2013 France<br>T\u00e9l\u00e9phone : 1007<\/p>\n\n\n\n<p><strong>Webdesigner \/ Conception :<\/strong><br>Site con\u00e7u et r\u00e9alis\u00e9 par <strong>Alan Cloiseau<\/strong><br>Site : <a href=\"https:\/\/alancloiseau.fr\">alancloiseau.fr<\/a><br>Instagram : <a href=\"https:\/\/www.instagram.com\/attention_a_la_marche\/\">@attention_a_la_marche<\/a><\/p>\n\n\n\n<p><strong>Directeur de la publication :<\/strong><br>M\u00e9lissa Leite<\/p>\n\n\n\n<p><strong>Outils et technologies utilis\u00e9s :<\/strong><br>Le site a \u00e9t\u00e9 r\u00e9alis\u00e9 avec <strong>WordPress<\/strong> et le th\u00e8me <strong>Storefront<\/strong>.<\/p>\n\n\n\n<p><strong>Propri\u00e9t\u00e9 intellectuelle :<\/strong><br>L\u2019ensemble du contenu pr\u00e9sent sur ce site (textes, images, vid\u00e9os, logos, ic\u00f4nes, graphismes, mises en page) est prot\u00e9g\u00e9 par le droit de la propri\u00e9t\u00e9 intellectuelle et appartient \u00e0 Melissa Leite ou aux partenaires ayant autoris\u00e9 l\u2019utilisation de leur contenu.<br>Toute reproduction, distribution, modification, adaptation ou publication, m\u00eame partielle, est strictement interdite sans autorisation pr\u00e9alable \u00e9crite.<\/p>\n\n\n\n<p><strong>Donn\u00e9es personnelles :<\/strong><br>Conform\u00e9ment \u00e0 la loi <strong>Informatique et Libert\u00e9s<\/strong> et au <strong>RGPD<\/strong>, les donn\u00e9es personnelles collect\u00e9es sur ce site sont utilis\u00e9es uniquement pour les besoins de la relation client et ne seront en aucun cas vendues ou communiqu\u00e9es \u00e0 des tiers sans consentement.<br>Vous disposez d\u2019un droit d\u2019acc\u00e8s, de modification, de rectification et de suppression de vos donn\u00e9es personnelles. Pour l\u2019exercer, contactez : <a>contact@melissaleite.fr<\/a><\/p>\n\n\n\n<p><strong>Cookies :<\/strong><br>Le site utilise des cookies pour am\u00e9liorer l\u2019exp\u00e9rience utilisateur. Vous pouvez les g\u00e9rer ou les d\u00e9sactiver via les param\u00e8tres de votre navigateur.<\/p>\n\n\n\n<p><strong>Responsabilit\u00e9 :<\/strong><br>Melissa Leite ne peut \u00eatre tenue responsable des dommages directs ou indirects pouvant r\u00e9sulter de l\u2019acc\u00e8s ou de l\u2019utilisation de ce site, ainsi que de l\u2019interpr\u00e9tation ou de l\u2019usage des informations qu\u2019il contient.<\/p>\n\n\n\n<p><strong>Litiges :<\/strong><br>Tout litige relatif \u00e0 l\u2019utilisation du site sera soumis au droit fran\u00e7ais. Les tribunaux fran\u00e7ais seront comp\u00e9tents pour trancher tout diff\u00e9rend.<\/p>\n\n\n\n<p><\/p>\n\n\n\n<div style=\"height:100px\" aria-hidden=\"true\" class=\"wp-block-spacer\"><\/div>\n\n\n\n<figure class=\"wp-block-image alignfull size-large\"><img loading=\"lazy\" decoding=\"async\" width=\"768\" height=\"1024\" src=\"http:\/\/melissaleite.fr\/wp-content\/uploads\/2026\/03\/melissa_leite_croquis-reportage-768x1024.jpg\" alt=\"melissa_leite_croquis-reportage - carnet de cantine\" class=\"wp-image-308\" srcset=\"https:\/\/melissaleite.fr\/wp-content\/uploads\/2026\/03\/melissa_leite_croquis-reportage-768x1024.jpg 768w, https:\/\/melissaleite.fr\/wp-content\/uploads\/2026\/03\/melissa_leite_croquis-reportage-225x300.jpg 225w, https:\/\/melissaleite.fr\/wp-content\/uploads\/2026\/03\/melissa_leite_croquis-reportage-1152x1536.jpg 1152w, https:\/\/melissaleite.fr\/wp-content\/uploads\/2026\/03\/melissa_leite_croquis-reportage-324x432.jpg 324w, https:\/\/melissaleite.fr\/wp-content\/uploads\/2026\/03\/melissa_leite_croquis-reportage-416x555.jpg 416w, https:\/\/melissaleite.fr\/wp-content\/uploads\/2026\/03\/melissa_leite_croquis-reportage.jpg 1170w\" sizes=\"auto, (max-width: 768px) 100vw, 768px\" \/><\/figure>\n","protected":false},"excerpt":{"rendered":"<p>\u00c9diteur du site :Carnet de CantineSite internet : https:\/\/melissaleite.fr\u00c9dit\u00e9 par : M\u00e9lissa LeiteSIRET : 938 458 361 00012SIREN : 938 458 361Email : contact@melissaleite.fr H\u00e9bergement :Le site est h\u00e9berg\u00e9 par OVHAdresse : 2 rue Kellermann \u2013 59100 Roubaix \u2013 FranceT\u00e9l\u00e9phone : 1007 Webdesigner \/ Conception :Site con\u00e7u et r\u00e9alis\u00e9 par Alan CloiseauSite : alancloiseau.frInstagram : [&hellip;]<\/p>\n","protected":false},"author":1,"featured_media":0,"parent":0,"menu_order":0,"comment_status":"closed","ping_status":"closed","template":"","meta":{"footnotes":""},"class_list":["post-489","page","type-page","status-publish","hentry"],"jetpack_sharing_enabled":true,"_links":{"self":[{"href":"https:\/\/melissaleite.fr\/index.php?rest_route=\/wp\/v2\/pages\/489","targetHints":{"allow":["GET"]}}],"collection":[{"href":"https:\/\/melissaleite.fr\/index.php?rest_route=\/wp\/v2\/pages"}],"about":[{"href":"https:\/\/melissaleite.fr\/index.php?rest_route=\/wp\/v2\/types\/page"}],"author":[{"embeddable":true,"href":"https:\/\/melissaleite.fr\/index.php?rest_route=\/wp\/v2\/users\/1"}],"replies":[{"embeddable":true,"href":"https:\/\/melissaleite.fr\/index.php?rest_route=%2Fwp%2Fv2%2Fcomments&post=489"}],"version-history":[{"count":3,"href":"https:\/\/melissaleite.fr\/index.php?rest_route=\/wp\/v2\/pages\/489\/revisions"}],"predecessor-version":[{"id":528,"href":"https:\/\/melissaleite.fr\/index.php?rest_route=\/wp\/v2\/pages\/489\/revisions\/528"}],"wp:attachment":[{"href":"https:\/\/melissaleite.fr\/index.php?rest_route=%2Fwp%2Fv2%2Fmedia&parent=489"}],"curies":[{"name":"wp","href":"https:\/\/api.w.org\/{rel}","templated":true}]}}