{"id":646,"date":"2026-04-07T09:17:55","date_gmt":"2026-04-07T07:17:55","guid":{"rendered":"https:\/\/melissaleite.fr\/?page_id=646"},"modified":"2026-04-07T14:36:35","modified_gmt":"2026-04-07T12:36:35","slug":"portfolio","status":"publish","type":"page","link":"https:\/\/melissaleite.fr\/?page_id=646","title":{"rendered":"Portfolio"},"content":{"rendered":"\n<p style=\"margin-top:0;margin-bottom:0\">Bienvenue dans mon portfolio, un espace o\u00f9 se rencontrent croquis, tirages, reportages dessin\u00e9s, portraits en direct et fresques. Chaque projet raconte une histoire unique, qu\u2019il s\u2019agisse d\u2019un instant capt\u00e9 sur le vif, d\u2019un lieu \u00e0 sublimer, ou d\u2019une exp\u00e9rience \u00e0 partager.<\/p>\n\n\n\n<p>Je cherche \u00e0 r\u00e9v\u00e9ler les d\u00e9tails qui font l\u2019\u00e2me d\u2019un espace ou d\u2019un moment : lumi\u00e8re, gestes, textures, \u00e9motions. <br><br>Chaque cr\u00e9ation est pens\u00e9e avec soin pour \u00e9veiller un sentiment, raconter une atmosph\u00e8re, ou laisser un souvenir durable.<\/p>\n\n\n\n<p>Parcourez ces r\u00e9alisations et laissez-vous inspirer par la diversit\u00e9 des formats et la sensibilit\u00e9 qui guide mon travail.<br><br><\/p>\n\n\n\n<figure class=\"wp-block-gallery alignfull has-nested-images columns-default is-cropped wp-block-gallery-1 is-layout-flex wp-block-gallery-is-layout-flex\">\n<figure class=\"wp-block-image size-large\"><a href=\"https:\/\/melissaleite.fr\/?product_cat=textiles\"><img loading=\"lazy\" decoding=\"async\" width=\"480\" height=\"848\" data-id=\"480\" src=\"https:\/\/melissaleite.fr\/wp-content\/uploads\/2026\/03\/WhatsApp-Video-2026-03-30-at-18-35-07-1.gif\" alt=\"\" class=\"wp-image-480\"\/><\/a><\/figure>\n\n\n\n<figure class=\"wp-block-image size-large\"><a href=\"https:\/\/melissaleite.fr\/?product=croquis-reportage-journee\"><img loading=\"lazy\" decoding=\"async\" width=\"669\" height=\"1024\" data-id=\"297\" src=\"https:\/\/melissaleite.fr\/wp-content\/uploads\/2026\/03\/IMG_4022-669x1024.png\" alt=\"Melissa Leite - Carnet de cantine\" class=\"wp-image-297\" srcset=\"https:\/\/melissaleite.fr\/wp-content\/uploads\/2026\/03\/IMG_4022-669x1024.png 669w, https:\/\/melissaleite.fr\/wp-content\/uploads\/2026\/03\/IMG_4022-196x300.png 196w, https:\/\/melissaleite.fr\/wp-content\/uploads\/2026\/03\/IMG_4022-768x1175.png 768w, https:\/\/melissaleite.fr\/wp-content\/uploads\/2026\/03\/IMG_4022-1004x1536.png 1004w, https:\/\/melissaleite.fr\/wp-content\/uploads\/2026\/03\/IMG_4022-1338x2048.png 1338w, https:\/\/melissaleite.fr\/wp-content\/uploads\/2026\/03\/IMG_4022-416x637.png 416w, https:\/\/melissaleite.fr\/wp-content\/uploads\/2026\/03\/IMG_4022-scaled.png 1673w\" sizes=\"auto, (max-width: 669px) 100vw, 669px\" \/><\/a><\/figure>\n\n\n\n<figure class=\"wp-block-image size-large\"><a href=\"https:\/\/melissaleite.fr\/?product=croquis-reportage-journee\"><img loading=\"lazy\" decoding=\"async\" width=\"817\" height=\"1024\" data-id=\"295\" src=\"https:\/\/melissaleite.fr\/wp-content\/uploads\/2026\/03\/melissa_leite_portrait_03-817x1024.jpg\" alt=\"\" class=\"wp-image-295\" srcset=\"https:\/\/melissaleite.fr\/wp-content\/uploads\/2026\/03\/melissa_leite_portrait_03-817x1024.jpg 817w, https:\/\/melissaleite.fr\/wp-content\/uploads\/2026\/03\/melissa_leite_portrait_03-240x300.jpg 240w, https:\/\/melissaleite.fr\/wp-content\/uploads\/2026\/03\/melissa_leite_portrait_03-768x962.jpg 768w, https:\/\/melissaleite.fr\/wp-content\/uploads\/2026\/03\/melissa_leite_portrait_03-416x521.jpg 416w, https:\/\/melissaleite.fr\/wp-content\/uploads\/2026\/03\/melissa_leite_portrait_03.jpg 958w\" sizes=\"auto, (max-width: 817px) 100vw, 817px\" \/><\/a><\/figure>\n\n\n\n<figure class=\"wp-block-image size-large\"><a href=\"https:\/\/melissaleite.fr\/?post_type=product\"><img loading=\"lazy\" decoding=\"async\" width=\"768\" height=\"1024\" data-id=\"298\" src=\"https:\/\/melissaleite.fr\/wp-content\/uploads\/2026\/03\/IMG_2683-768x1024.jpg\" alt=\"\" class=\"wp-image-298\" srcset=\"https:\/\/melissaleite.fr\/wp-content\/uploads\/2026\/03\/IMG_2683-768x1024.jpg 768w, https:\/\/melissaleite.fr\/wp-content\/uploads\/2026\/03\/IMG_2683-225x300.jpg 225w, https:\/\/melissaleite.fr\/wp-content\/uploads\/2026\/03\/IMG_2683-1152x1536.jpg 1152w, https:\/\/melissaleite.fr\/wp-content\/uploads\/2026\/03\/IMG_2683-1536x2048.jpg 1536w, https:\/\/melissaleite.fr\/wp-content\/uploads\/2026\/03\/IMG_2683-324x432.jpg 324w, https:\/\/melissaleite.fr\/wp-content\/uploads\/2026\/03\/IMG_2683-416x555.jpg 416w, https:\/\/melissaleite.fr\/wp-content\/uploads\/2026\/03\/IMG_2683-scaled.jpg 1920w\" sizes=\"auto, (max-width: 768px) 100vw, 768px\" \/><\/a><\/figure>\n\n\n\n<figure class=\"wp-block-image size-large\"><a href=\"https:\/\/melissaleite.fr\/?product_cat=prints\"><img loading=\"lazy\" decoding=\"async\" width=\"819\" height=\"1024\" data-id=\"466\" src=\"https:\/\/melissaleite.fr\/wp-content\/uploads\/2026\/03\/melissa_leite_print_tarte_abricot-819x1024.jpg\" alt=\"Tarte Abricot - Melissa Leite - Carnet de cantine\" class=\"wp-image-466\" srcset=\"https:\/\/melissaleite.fr\/wp-content\/uploads\/2026\/03\/melissa_leite_print_tarte_abricot-819x1024.jpg 819w, https:\/\/melissaleite.fr\/wp-content\/uploads\/2026\/03\/melissa_leite_print_tarte_abricot-240x300.jpg 240w, https:\/\/melissaleite.fr\/wp-content\/uploads\/2026\/03\/melissa_leite_print_tarte_abricot-768x960.jpg 768w, https:\/\/melissaleite.fr\/wp-content\/uploads\/2026\/03\/melissa_leite_print_tarte_abricot-1229x1536.jpg 1229w, https:\/\/melissaleite.fr\/wp-content\/uploads\/2026\/03\/melissa_leite_print_tarte_abricot-416x520.jpg 416w, https:\/\/melissaleite.fr\/wp-content\/uploads\/2026\/03\/melissa_leite_print_tarte_abricot.jpg 1400w\" sizes=\"auto, (max-width: 819px) 100vw, 819px\" \/><\/a><\/figure>\n\n\n\n<figure class=\"wp-block-image size-large\"><a href=\"https:\/\/melissaleite.fr\/?product_cat=textiles\"><img loading=\"lazy\" decoding=\"async\" width=\"768\" height=\"1024\" data-id=\"473\" src=\"https:\/\/melissaleite.fr\/wp-content\/uploads\/2026\/03\/melissa_leite_textile-768x1024.png\" alt=\"Melissa Leite - textile\" class=\"wp-image-473\" srcset=\"https:\/\/melissaleite.fr\/wp-content\/uploads\/2026\/03\/melissa_leite_textile-768x1024.png 768w, https:\/\/melissaleite.fr\/wp-content\/uploads\/2026\/03\/melissa_leite_textile-225x300.png 225w, https:\/\/melissaleite.fr\/wp-content\/uploads\/2026\/03\/melissa_leite_textile-1152x1536.png 1152w, https:\/\/melissaleite.fr\/wp-content\/uploads\/2026\/03\/melissa_leite_textile-324x432.png 324w, https:\/\/melissaleite.fr\/wp-content\/uploads\/2026\/03\/melissa_leite_textile-416x555.png 416w, https:\/\/melissaleite.fr\/wp-content\/uploads\/2026\/03\/melissa_leite_textile.png 1200w\" sizes=\"auto, (max-width: 768px) 100vw, 768px\" \/><\/a><\/figure>\n\n\n\n<figure class=\"wp-block-image size-large\"><a href=\"https:\/\/melissaleite.fr\/?product_cat=prints\"><img loading=\"lazy\" decoding=\"async\" width=\"819\" height=\"1024\" data-id=\"455\" src=\"https:\/\/melissaleite.fr\/wp-content\/uploads\/2026\/03\/melissa_leite_print_mokochaya-819x1024.jpg\" alt=\"Moko Chaya - Melissa Leite - Carnet de cantine\" class=\"wp-image-455\" srcset=\"https:\/\/melissaleite.fr\/wp-content\/uploads\/2026\/03\/melissa_leite_print_mokochaya-819x1024.jpg 819w, https:\/\/melissaleite.fr\/wp-content\/uploads\/2026\/03\/melissa_leite_print_mokochaya-240x300.jpg 240w, https:\/\/melissaleite.fr\/wp-content\/uploads\/2026\/03\/melissa_leite_print_mokochaya-768x960.jpg 768w, https:\/\/melissaleite.fr\/wp-content\/uploads\/2026\/03\/melissa_leite_print_mokochaya-1229x1536.jpg 1229w, https:\/\/melissaleite.fr\/wp-content\/uploads\/2026\/03\/melissa_leite_print_mokochaya-416x520.jpg 416w, https:\/\/melissaleite.fr\/wp-content\/uploads\/2026\/03\/melissa_leite_print_mokochaya.jpg 1400w\" sizes=\"auto, (max-width: 819px) 100vw, 819px\" \/><\/a><\/figure>\n\n\n\n<figure class=\"wp-block-image size-large\"><a href=\"https:\/\/melissaleite.fr\/?product_cat=prints\"><img loading=\"lazy\" decoding=\"async\" width=\"768\" height=\"1024\" data-id=\"310\" src=\"https:\/\/melissaleite.fr\/wp-content\/uploads\/2026\/03\/melissa_leite_croquis-reportage_2-768x1024.jpg\" alt=\"croquis reportage - Melissa Leite - carnet de cantine\" class=\"wp-image-310\" srcset=\"https:\/\/melissaleite.fr\/wp-content\/uploads\/2026\/03\/melissa_leite_croquis-reportage_2-768x1024.jpg 768w, https:\/\/melissaleite.fr\/wp-content\/uploads\/2026\/03\/melissa_leite_croquis-reportage_2-225x300.jpg 225w, https:\/\/melissaleite.fr\/wp-content\/uploads\/2026\/03\/melissa_leite_croquis-reportage_2-1152x1536.jpg 1152w, https:\/\/melissaleite.fr\/wp-content\/uploads\/2026\/03\/melissa_leite_croquis-reportage_2-324x432.jpg 324w, https:\/\/melissaleite.fr\/wp-content\/uploads\/2026\/03\/melissa_leite_croquis-reportage_2-416x555.jpg 416w, https:\/\/melissaleite.fr\/wp-content\/uploads\/2026\/03\/melissa_leite_croquis-reportage_2.jpg 1440w\" sizes=\"auto, (max-width: 768px) 100vw, 768px\" \/><\/a><\/figure>\n\n\n\n<figure class=\"wp-block-image size-large\"><a href=\"https:\/\/melissaleite.fr\/?product_cat=prints\"><img loading=\"lazy\" decoding=\"async\" width=\"819\" height=\"1024\" data-id=\"450\" src=\"https:\/\/melissaleite.fr\/wp-content\/uploads\/2026\/03\/melissa_leite_print_des_sens-819x1024.jpg\" alt=\"Des Sens - Melissa Leite - Carnet de cantine\" class=\"wp-image-450\" srcset=\"https:\/\/melissaleite.fr\/wp-content\/uploads\/2026\/03\/melissa_leite_print_des_sens-819x1024.jpg 819w, https:\/\/melissaleite.fr\/wp-content\/uploads\/2026\/03\/melissa_leite_print_des_sens-240x300.jpg 240w, https:\/\/melissaleite.fr\/wp-content\/uploads\/2026\/03\/melissa_leite_print_des_sens-768x960.jpg 768w, https:\/\/melissaleite.fr\/wp-content\/uploads\/2026\/03\/melissa_leite_print_des_sens-1229x1536.jpg 1229w, https:\/\/melissaleite.fr\/wp-content\/uploads\/2026\/03\/melissa_leite_print_des_sens-416x520.jpg 416w, https:\/\/melissaleite.fr\/wp-content\/uploads\/2026\/03\/melissa_leite_print_des_sens.jpg 1400w\" sizes=\"auto, (max-width: 819px) 100vw, 819px\" \/><\/a><\/figure>\n\n\n\n<figure class=\"wp-block-image size-large\"><a href=\"https:\/\/melissaleite.fr\/?product_cat=prints\"><img loading=\"lazy\" decoding=\"async\" width=\"768\" height=\"1024\" data-id=\"355\" src=\"https:\/\/melissaleite.fr\/wp-content\/uploads\/2026\/03\/melissa_leite_prints-768x1024.jpg\" alt=\"Melissa Leite - Carnet de cantine\" class=\"wp-image-355\" srcset=\"https:\/\/melissaleite.fr\/wp-content\/uploads\/2026\/03\/melissa_leite_prints-768x1024.jpg 768w, https:\/\/melissaleite.fr\/wp-content\/uploads\/2026\/03\/melissa_leite_prints-225x300.jpg 225w, https:\/\/melissaleite.fr\/wp-content\/uploads\/2026\/03\/melissa_leite_prints-324x432.jpg 324w, https:\/\/melissaleite.fr\/wp-content\/uploads\/2026\/03\/melissa_leite_prints-416x555.jpg 416w, https:\/\/melissaleite.fr\/wp-content\/uploads\/2026\/03\/melissa_leite_prints.jpg 1125w\" sizes=\"auto, (max-width: 768px) 100vw, 768px\" \/><\/a><\/figure>\n\n\n\n<figure class=\"wp-block-image size-large\"><a href=\"https:\/\/melissaleite.fr\/?product_cat=prints\"><img loading=\"lazy\" decoding=\"async\" width=\"819\" height=\"1024\" data-id=\"462\" src=\"https:\/\/melissaleite.fr\/wp-content\/uploads\/2026\/03\/melissa_leite_print_servan-819x1024.jpg\" alt=\"Servan - Melissa Leite - Carnet de cantine\" class=\"wp-image-462\" srcset=\"https:\/\/melissaleite.fr\/wp-content\/uploads\/2026\/03\/melissa_leite_print_servan-819x1024.jpg 819w, https:\/\/melissaleite.fr\/wp-content\/uploads\/2026\/03\/melissa_leite_print_servan-240x300.jpg 240w, https:\/\/melissaleite.fr\/wp-content\/uploads\/2026\/03\/melissa_leite_print_servan-768x960.jpg 768w, https:\/\/melissaleite.fr\/wp-content\/uploads\/2026\/03\/melissa_leite_print_servan-1229x1536.jpg 1229w, https:\/\/melissaleite.fr\/wp-content\/uploads\/2026\/03\/melissa_leite_print_servan-416x520.jpg 416w, https:\/\/melissaleite.fr\/wp-content\/uploads\/2026\/03\/melissa_leite_print_servan.jpg 1400w\" sizes=\"auto, (max-width: 819px) 100vw, 819px\" \/><\/a><\/figure>\n\n\n\n<figure class=\"wp-block-image size-large\"><a href=\"https:\/\/melissaleite.fr\/?post_type=product\"><img loading=\"lazy\" decoding=\"async\" width=\"768\" height=\"1024\" data-id=\"354\" src=\"https:\/\/melissaleite.fr\/wp-content\/uploads\/2026\/03\/melissa_leite_portrait_05-768x1024.jpg\" alt=\"Melissa Leite - Carnet de cantine\" class=\"wp-image-354\" srcset=\"https:\/\/melissaleite.fr\/wp-content\/uploads\/2026\/03\/melissa_leite_portrait_05-768x1024.jpg 768w, https:\/\/melissaleite.fr\/wp-content\/uploads\/2026\/03\/melissa_leite_portrait_05-225x300.jpg 225w, https:\/\/melissaleite.fr\/wp-content\/uploads\/2026\/03\/melissa_leite_portrait_05-1152x1536.jpg 1152w, https:\/\/melissaleite.fr\/wp-content\/uploads\/2026\/03\/melissa_leite_portrait_05-324x432.jpg 324w, https:\/\/melissaleite.fr\/wp-content\/uploads\/2026\/03\/melissa_leite_portrait_05-416x555.jpg 416w, https:\/\/melissaleite.fr\/wp-content\/uploads\/2026\/03\/melissa_leite_portrait_05.jpg 1440w\" sizes=\"auto, (max-width: 768px) 100vw, 768px\" \/><\/a><\/figure>\n<\/figure>\n","protected":false},"excerpt":{"rendered":"<p>Bienvenue dans mon portfolio, un espace o\u00f9 se rencontrent croquis, tirages, reportages dessin\u00e9s, portraits en direct et fresques. Chaque projet raconte une histoire unique, qu\u2019il s\u2019agisse d\u2019un instant capt\u00e9 sur le vif, d\u2019un lieu \u00e0 sublimer, ou d\u2019une exp\u00e9rience \u00e0 partager. Je cherche \u00e0 r\u00e9v\u00e9ler les d\u00e9tails qui font l\u2019\u00e2me d\u2019un espace ou d\u2019un moment [&hellip;]<\/p>\n","protected":false},"author":1,"featured_media":0,"parent":0,"menu_order":0,"comment_status":"closed","ping_status":"closed","template":"","meta":{"footnotes":""},"class_list":["post-646","page","type-page","status-publish","hentry"],"jetpack_sharing_enabled":true,"_links":{"self":[{"href":"https:\/\/melissaleite.fr\/index.php?rest_route=\/wp\/v2\/pages\/646","targetHints":{"allow":["GET"]}}],"collection":[{"href":"https:\/\/melissaleite.fr\/index.php?rest_route=\/wp\/v2\/pages"}],"about":[{"href":"https:\/\/melissaleite.fr\/index.php?rest_route=\/wp\/v2\/types\/page"}],"author":[{"embeddable":true,"href":"https:\/\/melissaleite.fr\/index.php?rest_route=\/wp\/v2\/users\/1"}],"replies":[{"embeddable":true,"href":"https:\/\/melissaleite.fr\/index.php?rest_route=%2Fwp%2Fv2%2Fcomments&post=646"}],"version-history":[{"count":8,"href":"https:\/\/melissaleite.fr\/index.php?rest_route=\/wp\/v2\/pages\/646\/revisions"}],"predecessor-version":[{"id":777,"href":"https:\/\/melissaleite.fr\/index.php?rest_route=\/wp\/v2\/pages\/646\/revisions\/777"}],"wp:attachment":[{"href":"https:\/\/melissaleite.fr\/index.php?rest_route=%2Fwp%2Fv2%2Fmedia&parent=646"}],"curies":[{"name":"wp","href":"https:\/\/api.w.org\/{rel}","templated":true}]}}