{"id":272,"date":"2026-03-15T02:37:09","date_gmt":"2026-03-15T01:37:09","guid":{"rendered":"https:\/\/melissaleite.fr\/?post_type=product&#038;p=272"},"modified":"2026-03-30T17:44:12","modified_gmt":"2026-03-30T15:44:12","slug":"mado","status":"publish","type":"product","link":"https:\/\/melissaleite.fr\/?product=mado","title":{"rendered":"Mado"},"content":{"rendered":"<p>rint A5 sign\u00e9 et num\u00e9rot\u00e9 (s\u00e9rie de 25).<br \/>\nImpression professionnelle sur papier d\u2019art 320\u202fg blanc cr\u00e8me l\u00e9g\u00e8rement textur\u00e9.<br \/>\nVendu sous pochette individuelle scell\u00e9e.<br \/>\n<img decoding=\"async\" class=\"emoji\" role=\"img\" draggable=\"false\" src=\"https:\/\/s.w.org\/images\/core\/emoji\/17.0.2\/svg\/2709.svg\" alt=\"\u2709\ufe0f\" \/>\u00a0Livraison offerte.<\/p>\n","protected":false},"excerpt":{"rendered":"<p><span class=\"BZ_Pyq_fadeIn\">Print <\/span><span class=\"BZ_Pyq_fadeIn\">A5 <\/span><span class=\"BZ_Pyq_fadeIn\">sign\u00e9 <\/span><span class=\"BZ_Pyq_fadeIn\">et <\/span><span class=\"BZ_Pyq_fadeIn\">num\u00e9rot\u00e9 (<\/span><span class=\"BZ_Pyq_fadeIn\">s\u00e9rie <\/span><span class=\"BZ_Pyq_fadeIn\">de <\/span><span class=\"BZ_Pyq_fadeIn\">25).<br \/>\n<\/span><span class=\"BZ_Pyq_fadeIn\">Impression <\/span><span class=\"BZ_Pyq_fadeIn\">professionnelle <\/span><span class=\"BZ_Pyq_fadeIn\">sur <\/span><span class=\"BZ_Pyq_fadeIn\">papier <\/span><span class=\"BZ_Pyq_fadeIn\">d\u2019art <\/span><span class=\"BZ_Pyq_fadeIn\">350\u202fg <\/span><span class=\"BZ_Pyq_fadeIn\">blanc <\/span><span class=\"BZ_Pyq_fadeIn\">cr\u00e8me <\/span><span class=\"BZ_Pyq_fadeIn\">l\u00e9g\u00e8rement <\/span><span class=\"BZ_Pyq_fadeIn\">textur\u00e9.<br \/>\n<\/span><span class=\"BZ_Pyq_fadeIn\">Vendu <\/span><span class=\"BZ_Pyq_fadeIn\">sous <\/span><span class=\"BZ_Pyq_fadeIn\">pochette <\/span><span class=\"BZ_Pyq_fadeIn\">individuelle <\/span><span class=\"BZ_Pyq_fadeIn\">scell\u00e9e.<\/span><\/p>\n","protected":false},"featured_media":273,"template":"","meta":[],"product_brand":[],"product_cat":[18],"product_tag":[],"class_list":{"0":"post-272","1":"product","2":"type-product","3":"status-publish","4":"has-post-thumbnail","6":"product_cat-prints","8":"first","9":"instock","10":"shipping-taxable","11":"purchasable","12":"product-type-simple"},"jetpack_sharing_enabled":true,"_links":{"self":[{"href":"https:\/\/melissaleite.fr\/index.php?rest_route=\/wp\/v2\/product\/272","targetHints":{"allow":["GET"]}}],"collection":[{"href":"https:\/\/melissaleite.fr\/index.php?rest_route=\/wp\/v2\/product"}],"about":[{"href":"https:\/\/melissaleite.fr\/index.php?rest_route=\/wp\/v2\/types\/product"}],"wp:featuredmedia":[{"embeddable":true,"href":"https:\/\/melissaleite.fr\/index.php?rest_route=\/wp\/v2\/media\/273"}],"wp:attachment":[{"href":"https:\/\/melissaleite.fr\/index.php?rest_route=%2Fwp%2Fv2%2Fmedia&parent=272"}],"wp:term":[{"taxonomy":"product_brand","embeddable":true,"href":"https:\/\/melissaleite.fr\/index.php?rest_route=%2Fwp%2Fv2%2Fproduct_brand&post=272"},{"taxonomy":"product_cat","embeddable":true,"href":"https:\/\/melissaleite.fr\/index.php?rest_route=%2Fwp%2Fv2%2Fproduct_cat&post=272"},{"taxonomy":"product_tag","embeddable":true,"href":"https:\/\/melissaleite.fr\/index.php?rest_route=%2Fwp%2Fv2%2Fproduct_tag&post=272"}],"curies":[{"name":"wp","href":"https:\/\/api.w.org\/{rel}","templated":true}]}}