{"id":309,"date":"2026-03-15T04:47:17","date_gmt":"2026-03-15T03:47:17","guid":{"rendered":"https:\/\/melissaleite.fr\/?post_type=product&#038;p=309"},"modified":"2026-03-30T15:17:37","modified_gmt":"2026-03-30T13:17:37","slug":"croquis-reportage-journee","status":"publish","type":"product","link":"https:\/\/melissaleite.fr\/?product=croquis-reportage-journee","title":{"rendered":"Croquis reportage journ\u00e9e"},"content":{"rendered":"<p data-start=\"590\" data-end=\"903\"><span class=\"BZ_Pyq_fadeIn\">Le <\/span><span class=\"BZ_Pyq_fadeIn\">croquis <\/span><span class=\"BZ_Pyq_fadeIn\">reportage \u2013 <\/span><span class=\"BZ_Pyq_fadeIn\">formule <\/span><span class=\"BZ_Pyq_fadeIn\">journ\u00e9e<\/span> <span class=\"BZ_Pyq_fadeIn\">permet <\/span><span class=\"BZ_Pyq_fadeIn\">de <\/span><span class=\"BZ_Pyq_fadeIn\">suivre <\/span><span class=\"BZ_Pyq_fadeIn\">un <\/span><span class=\"BZ_Pyq_fadeIn\">\u00e9v\u00e9nement <\/span><span class=\"BZ_Pyq_fadeIn\">plus <\/span><span class=\"BZ_Pyq_fadeIn\">largement <\/span><span class=\"BZ_Pyq_fadeIn\">et <\/span><span class=\"BZ_Pyq_fadeIn\">d\u2019en <\/span><span class=\"BZ_Pyq_fadeIn\">saisir <\/span><span class=\"BZ_Pyq_fadeIn\">plusieurs <\/span><span class=\"BZ_Pyq_fadeIn\">moments <\/span><span class=\"BZ_Pyq_fadeIn\">cl\u00e9s <\/span><span class=\"BZ_Pyq_fadeIn\">au <\/span><span class=\"BZ_Pyq_fadeIn\">fil <\/span><span class=\"BZ_Pyq_fadeIn\">du <\/span><span class=\"BZ_Pyq_fadeIn\">temps. <\/span><span class=\"BZ_Pyq_fadeIn\">Mariage, <\/span><span class=\"BZ_Pyq_fadeIn\">anniversaire, <\/span><span class=\"BZ_Pyq_fadeIn\">inauguration <\/span><span class=\"BZ_Pyq_fadeIn\">ou <\/span><span class=\"BZ_Pyq_fadeIn\">c\u00e9l\u00e9bration <\/span><span class=\"BZ_Pyq_fadeIn\">particuli\u00e8re : <\/span><span class=\"BZ_Pyq_fadeIn\">je <\/span><span class=\"BZ_Pyq_fadeIn\">me <\/span><span class=\"BZ_Pyq_fadeIn\">d\u00e9place <\/span><span class=\"BZ_Pyq_fadeIn\">sur <\/span><span class=\"BZ_Pyq_fadeIn\">le <\/span><span class=\"BZ_Pyq_fadeIn\">lieu <\/span><span class=\"BZ_Pyq_fadeIn\">pour <\/span><span class=\"BZ_Pyq_fadeIn\">observer, <\/span><span class=\"BZ_Pyq_fadeIn\">\u00e9changer <\/span><span class=\"BZ_Pyq_fadeIn\">et <\/span><span class=\"BZ_Pyq_fadeIn\">dessiner <\/span><span class=\"BZ_Pyq_fadeIn\">ce <\/span><span class=\"BZ_Pyq_fadeIn\">qui <\/span><span class=\"BZ_Pyq_fadeIn\">compose <\/span><span class=\"BZ_Pyq_fadeIn\">l\u2019atmosph\u00e8re <\/span><span class=\"BZ_Pyq_fadeIn\">de <\/span><span class=\"BZ_Pyq_fadeIn\">la <\/span><span class=\"BZ_Pyq_fadeIn\">journ\u00e9e.<\/span><\/p>\n<p data-start=\"905\" data-end=\"1366\"><span class=\"BZ_Pyq_fadeIn\">En <\/span><span class=\"BZ_Pyq_fadeIn\">amont, <\/span><span class=\"BZ_Pyq_fadeIn\">nous <\/span><span class=\"BZ_Pyq_fadeIn\">prenons <\/span><span class=\"BZ_Pyq_fadeIn\">le <\/span><span class=\"BZ_Pyq_fadeIn\">temps <\/span><span class=\"BZ_Pyq_fadeIn\">d\u2019un <\/span><span class=\"BZ_Pyq_fadeIn\">rendez-<\/span><span class=\"BZ_Pyq_fadeIn\">vous <\/span><span class=\"BZ_Pyq_fadeIn\">pr\u00e9paratoire<\/span><span class=\"BZ_Pyq_fadeIn\">, <\/span><span class=\"BZ_Pyq_fadeIn\">en <\/span><span class=\"BZ_Pyq_fadeIn\">visioconf\u00e9rence <\/span><span class=\"BZ_Pyq_fadeIn\">ou <\/span><span class=\"BZ_Pyq_fadeIn\">sur <\/span><span class=\"BZ_Pyq_fadeIn\">place. <\/span><span class=\"BZ_Pyq_fadeIn\">Cette <\/span><span class=\"BZ_Pyq_fadeIn\">rencontre <\/span><span class=\"BZ_Pyq_fadeIn\">permet <\/span><span class=\"BZ_Pyq_fadeIn\">de <\/span><span class=\"BZ_Pyq_fadeIn\">d\u00e9finir <\/span><span class=\"BZ_Pyq_fadeIn\">ensemble <\/span><span class=\"BZ_Pyq_fadeIn\">les <\/span><span class=\"BZ_Pyq_fadeIn\">sc\u00e8nes <\/span><span class=\"BZ_Pyq_fadeIn\">ou <\/span><span class=\"BZ_Pyq_fadeIn\">sujets <\/span><span class=\"BZ_Pyq_fadeIn\">que <\/span><span class=\"BZ_Pyq_fadeIn\">vous <\/span><span class=\"BZ_Pyq_fadeIn\">souhaitez <\/span><span class=\"BZ_Pyq_fadeIn\">voir <\/span><span class=\"BZ_Pyq_fadeIn\">appara\u00eetre <\/span><span class=\"BZ_Pyq_fadeIn\">dans <\/span><span class=\"BZ_Pyq_fadeIn\">les <\/span><span class=\"BZ_Pyq_fadeIn\">dessins : <\/span><span class=\"BZ_Pyq_fadeIn\">un <\/span><span class=\"BZ_Pyq_fadeIn\">lieu, <\/span><span class=\"BZ_Pyq_fadeIn\">une <\/span><span class=\"BZ_Pyq_fadeIn\">architecture, <\/span><span class=\"BZ_Pyq_fadeIn\">une <\/span><span class=\"BZ_Pyq_fadeIn\">d\u00e9coration, <\/span><span class=\"BZ_Pyq_fadeIn\">des <\/span><span class=\"BZ_Pyq_fadeIn\">instants <\/span><span class=\"BZ_Pyq_fadeIn\">de <\/span><span class=\"BZ_Pyq_fadeIn\">rencontre, <\/span><span class=\"BZ_Pyq_fadeIn\">des <\/span><span class=\"BZ_Pyq_fadeIn\">invit\u00e9s <\/span><span class=\"BZ_Pyq_fadeIn\">ou <\/span><span class=\"BZ_Pyq_fadeIn\">des <\/span><span class=\"BZ_Pyq_fadeIn\">sc\u00e8nes <\/span><span class=\"BZ_Pyq_fadeIn\">de <\/span><span class=\"BZ_Pyq_fadeIn\">vie. <\/span><span class=\"BZ_Pyq_fadeIn\">Nous <\/span><span class=\"BZ_Pyq_fadeIn\">\u00e9changeons <\/span><span class=\"BZ_Pyq_fadeIn\">\u00e9galement <\/span><span class=\"BZ_Pyq_fadeIn\">sur <\/span><span class=\"BZ_Pyq_fadeIn\">le <\/span><span class=\"BZ_Pyq_fadeIn\">choix <\/span><span class=\"BZ_Pyq_fadeIn\">des <\/span><span class=\"BZ_Pyq_fadeIn\">formats <\/span><span class=\"BZ_Pyq_fadeIn\">et <\/span><span class=\"BZ_Pyq_fadeIn\">des <\/span><span class=\"BZ_Pyq_fadeIn\">papiers<\/span><span class=\"BZ_Pyq_fadeIn\">, <\/span><span class=\"BZ_Pyq_fadeIn\">afin <\/span><span class=\"BZ_Pyq_fadeIn\">que <\/span><span class=\"BZ_Pyq_fadeIn\">les <\/span><span class=\"BZ_Pyq_fadeIn\">croquis <\/span><span class=\"BZ_Pyq_fadeIn\">s\u2019accordent <\/span><span class=\"BZ_Pyq_fadeIn\">au <\/span><span class=\"BZ_Pyq_fadeIn\">mieux <\/span><span class=\"BZ_Pyq_fadeIn\">\u00e0 <\/span><span class=\"BZ_Pyq_fadeIn\">l\u2019esprit <\/span><span class=\"BZ_Pyq_fadeIn\">de <\/span><span class=\"BZ_Pyq_fadeIn\">l\u2019\u00e9v\u00e9nement.<br \/>\nSi vous avez un budget pr\u00e9cis, n\u2019h\u00e9sitez pas \u00e0 me le partager : je m\u2019adapte toujours quand c\u2019est possible.<br \/>\nAfin de r\u00e9server votre projet dans mon planning, un acompte de 40% est demand\u00e9 au moment de la validation du devis. Le solde est \u00e0 r\u00e9gler avant la livraison finale.<br \/>\n<\/span><\/p>\n<p data-start=\"1368\" data-end=\"1649\"><span class=\"BZ_Pyq_fadeIn\">Le <\/span><span class=\"BZ_Pyq_fadeIn\">jour <\/span><span class=\"BZ_Pyq_fadeIn\">venu, <\/span><span class=\"BZ_Pyq_fadeIn\">je <\/span><span class=\"BZ_Pyq_fadeIn\">r\u00e9alise <\/span><span class=\"BZ_Pyq_fadeIn\">les <\/span><span class=\"BZ_Pyq_fadeIn\">dessins <\/span><span class=\"BZ_Pyq_fadeIn\">directement <\/span><span class=\"BZ_Pyq_fadeIn\">sur <\/span><span class=\"BZ_Pyq_fadeIn\">place, <\/span><span class=\"BZ_Pyq_fadeIn\">en <\/span><span class=\"BZ_Pyq_fadeIn\">observant <\/span><span class=\"BZ_Pyq_fadeIn\">les <\/span><span class=\"BZ_Pyq_fadeIn\">gestes, <\/span><span class=\"BZ_Pyq_fadeIn\">les <\/span><span class=\"BZ_Pyq_fadeIn\">mouvements <\/span><span class=\"BZ_Pyq_fadeIn\">et <\/span><span class=\"BZ_Pyq_fadeIn\">les <\/span><span class=\"BZ_Pyq_fadeIn\">d\u00e9tails <\/span><span class=\"BZ_Pyq_fadeIn\">qui <\/span><span class=\"BZ_Pyq_fadeIn\">donnent <\/span><span class=\"BZ_Pyq_fadeIn\">sa <\/span><span class=\"BZ_Pyq_fadeIn\">singularit\u00e9 <\/span><span class=\"BZ_Pyq_fadeIn\">\u00e0 <\/span><span class=\"BZ_Pyq_fadeIn\">la <\/span><span class=\"BZ_Pyq_fadeIn\">journ\u00e9e. <\/span><span class=\"BZ_Pyq_fadeIn\">La <\/span><span class=\"BZ_Pyq_fadeIn\">formule <\/span><span class=\"BZ_Pyq_fadeIn\">journ\u00e9e <\/span><span class=\"BZ_Pyq_fadeIn\">compl\u00e8te<\/span> <span class=\"BZ_Pyq_fadeIn\">permet <\/span><span class=\"BZ_Pyq_fadeIn\">de <\/span><span class=\"BZ_Pyq_fadeIn\">r\u00e9aliser <\/span><span class=\"BZ_Pyq_fadeIn\">entre <\/span><span class=\"BZ_Pyq_fadeIn\">8 <\/span><span class=\"BZ_Pyq_fadeIn\">et <\/span><span class=\"BZ_Pyq_fadeIn\">10 <\/span><span class=\"BZ_Pyq_fadeIn\">croquis <\/span><span class=\"BZ_Pyq_fadeIn\">originaux<\/span><span class=\"BZ_Pyq_fadeIn\">, <\/span><span class=\"BZ_Pyq_fadeIn\">dessin\u00e9s <\/span><span class=\"BZ_Pyq_fadeIn\">\u00e0 <\/span><span class=\"BZ_Pyq_fadeIn\">la <\/span><span class=\"BZ_Pyq_fadeIn\">plume <\/span><span class=\"BZ_Pyq_fadeIn\">sur <\/span><span class=\"BZ_Pyq_fadeIn\">papier <\/span><span class=\"BZ_Pyq_fadeIn\">d\u2019art.<\/span><\/p>\n<p data-start=\"1651\" data-end=\"1949\"><span class=\"BZ_Pyq_fadeIn\">Selon <\/span><span class=\"BZ_Pyq_fadeIn\">l\u2019organisation <\/span><span class=\"BZ_Pyq_fadeIn\">de <\/span><span class=\"BZ_Pyq_fadeIn\">l\u2019\u00e9v\u00e9nement, <\/span><span class=\"BZ_Pyq_fadeIn\">il <\/span><span class=\"BZ_Pyq_fadeIn\">est <\/span><span class=\"BZ_Pyq_fadeIn\">\u00e9galement <\/span><span class=\"BZ_Pyq_fadeIn\">possible <\/span><span class=\"BZ_Pyq_fadeIn\">d\u2019int\u00e9grer <\/span><span class=\"BZ_Pyq_fadeIn\">un <\/span><span class=\"BZ_Pyq_fadeIn\">moment <\/span><span class=\"BZ_Pyq_fadeIn\">de <\/span><span class=\"BZ_Pyq_fadeIn\">croque-<\/span><span class=\"BZ_Pyq_fadeIn\">minute<\/span><span class=\"BZ_Pyq_fadeIn\">, <\/span><span class=\"BZ_Pyq_fadeIn\">par <\/span><span class=\"BZ_Pyq_fadeIn\">exemple <\/span><span class=\"BZ_Pyq_fadeIn\">lors <\/span><span class=\"BZ_Pyq_fadeIn\">d\u2019un <\/span><span class=\"BZ_Pyq_fadeIn\">cocktail <\/span><span class=\"BZ_Pyq_fadeIn\">ou <\/span><span class=\"BZ_Pyq_fadeIn\">de <\/span><span class=\"BZ_Pyq_fadeIn\">la <\/span><span class=\"BZ_Pyq_fadeIn\">soir\u00e9e. <\/span><span class=\"BZ_Pyq_fadeIn\">Les <\/span><span class=\"BZ_Pyq_fadeIn\">invit\u00e9s <\/span><span class=\"BZ_Pyq_fadeIn\">peuvent <\/span><span class=\"BZ_Pyq_fadeIn\">alors <\/span><span class=\"BZ_Pyq_fadeIn\">venir <\/span><span class=\"BZ_Pyq_fadeIn\">s\u2019asseoir <\/span><span class=\"BZ_Pyq_fadeIn\">quelques <\/span><span class=\"BZ_Pyq_fadeIn\">minutes <\/span><span class=\"BZ_Pyq_fadeIn\">pour <\/span><span class=\"BZ_Pyq_fadeIn\">un <\/span><span class=\"BZ_Pyq_fadeIn\">portrait <\/span><span class=\"BZ_Pyq_fadeIn\">rapide <\/span><span class=\"BZ_Pyq_fadeIn\">dessin\u00e9 <\/span><span class=\"BZ_Pyq_fadeIn\">sur <\/span><span class=\"BZ_Pyq_fadeIn\">le <\/span><span class=\"BZ_Pyq_fadeIn\">vif, <\/span><span class=\"BZ_Pyq_fadeIn\">qu\u2019ils <\/span><span class=\"BZ_Pyq_fadeIn\">emportent <\/span><span class=\"BZ_Pyq_fadeIn\">avec <\/span><span class=\"BZ_Pyq_fadeIn\">eux <\/span><span class=\"BZ_Pyq_fadeIn\">comme <\/span><span class=\"BZ_Pyq_fadeIn\">souvenir.<\/span><\/p>\n<p data-start=\"1951\" data-end=\"2141\"><span class=\"BZ_Pyq_fadeIn\">Le <\/span><span class=\"BZ_Pyq_fadeIn\">croquis <\/span><span class=\"BZ_Pyq_fadeIn\">reportage <\/span><span class=\"BZ_Pyq_fadeIn\">devient <\/span><span class=\"BZ_Pyq_fadeIn\">ainsi <\/span><span class=\"BZ_Pyq_fadeIn\">une <\/span><span class=\"BZ_Pyq_fadeIn\">chronique <\/span><span class=\"BZ_Pyq_fadeIn\">dessin\u00e9e <\/span><span class=\"BZ_Pyq_fadeIn\">de <\/span><span class=\"BZ_Pyq_fadeIn\">la <\/span><span class=\"BZ_Pyq_fadeIn\">journ\u00e9e<\/span><span class=\"BZ_Pyq_fadeIn\">, <\/span><span class=\"BZ_Pyq_fadeIn\">m\u00ealant <\/span><span class=\"BZ_Pyq_fadeIn\">sc\u00e8nes <\/span><span class=\"BZ_Pyq_fadeIn\">observ\u00e9es, <\/span><span class=\"BZ_Pyq_fadeIn\">d\u00e9tails <\/span><span class=\"BZ_Pyq_fadeIn\">du <\/span><span class=\"BZ_Pyq_fadeIn\">lieu <\/span><span class=\"BZ_Pyq_fadeIn\">et <\/span><span class=\"BZ_Pyq_fadeIn\">rencontres, <\/span><span class=\"BZ_Pyq_fadeIn\">pour <\/span><span class=\"BZ_Pyq_fadeIn\">garder <\/span><span class=\"BZ_Pyq_fadeIn\">une <\/span><span class=\"BZ_Pyq_fadeIn\">trace <\/span><span class=\"BZ_Pyq_fadeIn\">sensible <\/span><span class=\"BZ_Pyq_fadeIn\">et <\/span><span class=\"BZ_Pyq_fadeIn\">vivante <\/span><span class=\"BZ_Pyq_fadeIn\">de <\/span><span class=\"BZ_Pyq_fadeIn\">l\u2019\u00e9v\u00e9nement.<\/span><\/p>\n<p>Pour toute demande, merci de remplir le formulaire en indiquant la date souhait\u00e9e, le lieu, le format de la session ainsi que toute information utile concernant votre projet. Vous serez recontact\u00e9(e) rapidement afin d\u2019en discuter.<br \/>\nSi vous avez un budget pr\u00e9cis, n\u2019h\u00e9sitez pas \u00e0 me le partager : je m\u2019adapte toujours quand c\u2019est possible.<\/p>\n","protected":false},"excerpt":{"rendered":"<p><span class=\"BZ_Pyq_fadeIn\">Je <\/span><span class=\"BZ_Pyq_fadeIn\">me <\/span><span class=\"BZ_Pyq_fadeIn\">d\u00e9place <\/span><span class=\"BZ_Pyq_fadeIn\">sur <\/span><span class=\"BZ_Pyq_fadeIn\">le <\/span><span class=\"BZ_Pyq_fadeIn\">lieu <\/span><span class=\"BZ_Pyq_fadeIn\">de <\/span><span class=\"BZ_Pyq_fadeIn\">votre <\/span><span class=\"BZ_Pyq_fadeIn\">\u00e9v\u00e9nement \u2014 <\/span><span class=\"BZ_Pyq_fadeIn\">mariage, <\/span><span class=\"BZ_Pyq_fadeIn\">anniversaire, <\/span><span class=\"BZ_Pyq_fadeIn\">inauguration \u2014 <\/span><span class=\"BZ_Pyq_fadeIn\">pour <\/span><span class=\"BZ_Pyq_fadeIn\">en <\/span><span class=\"BZ_Pyq_fadeIn\">saisir <\/span><span class=\"BZ_Pyq_fadeIn\">l\u2019atmosph\u00e8re <\/span><span class=\"BZ_Pyq_fadeIn\">\u00e0 <\/span><span class=\"BZ_Pyq_fadeIn\">la <\/span><span class=\"BZ_Pyq_fadeIn\">plume. <\/span><span class=\"BZ_Pyq_fadeIn\">Architecture, <\/span><span class=\"BZ_Pyq_fadeIn\">d\u00e9cor, <\/span><span class=\"BZ_Pyq_fadeIn\">sc\u00e8nes <\/span><span class=\"BZ_Pyq_fadeIn\">de <\/span><span class=\"BZ_Pyq_fadeIn\">vie <\/span><span class=\"BZ_Pyq_fadeIn\">ou <\/span><span class=\"BZ_Pyq_fadeIn\">invit\u00e9s : <\/span><span class=\"BZ_Pyq_fadeIn\">les <\/span><span class=\"BZ_Pyq_fadeIn\">sujets <\/span><span class=\"BZ_Pyq_fadeIn\">sont <\/span><span class=\"BZ_Pyq_fadeIn\">d\u00e9finis <\/span><span class=\"BZ_Pyq_fadeIn\">ensemble <\/span><span class=\"BZ_Pyq_fadeIn\">et <\/span><span class=\"BZ_Pyq_fadeIn\">dessin\u00e9s <\/span><span class=\"BZ_Pyq_fadeIn\">sur <\/span><span class=\"BZ_Pyq_fadeIn\">le <\/span><span class=\"BZ_Pyq_fadeIn\">vif.<\/span><br data-start=\"400\" data-end=\"403\" \/><span class=\"BZ_Pyq_fadeIn\">Session <\/span><span class=\"BZ_Pyq_fadeIn\">sur <\/span><span class=\"BZ_Pyq_fadeIn\">une <\/span><span class=\"BZ_Pyq_fadeIn\">journ\u00e9e<\/span><span class=\"BZ_Pyq_fadeIn\">, <\/span><span class=\"BZ_Pyq_fadeIn\">comprenant <\/span><span class=\"BZ_Pyq_fadeIn\">8 <\/span><span class=\"BZ_Pyq_fadeIn\">\u00e0 <\/span><span class=\"BZ_Pyq_fadeIn\">10 <\/span><span class=\"BZ_Pyq_fadeIn\">croquis <\/span><span class=\"BZ_Pyq_fadeIn\">originaux<\/span><span class=\"BZ_Pyq_fadeIn\">, <\/span><span class=\"BZ_Pyq_fadeIn\">avec <\/span><span class=\"BZ_Pyq_fadeIn\">possibilit\u00e9 <\/span><span class=\"BZ_Pyq_fadeIn\">d\u2019int\u00e9grer <\/span><span class=\"BZ_Pyq_fadeIn\">un <\/span><span class=\"BZ_Pyq_fadeIn\">moment <\/span><span class=\"BZ_Pyq_fadeIn\">de <\/span><span class=\"BZ_Pyq_fadeIn\">croque-<\/span><span class=\"BZ_Pyq_fadeIn\">minute<\/span> <span class=\"BZ_Pyq_fadeIn\">pour <\/span><span class=\"BZ_Pyq_fadeIn\">les <\/span><span class=\"BZ_Pyq_fadeIn\">invit\u00e9s.<br \/>\nSi vous avez un budget pr\u00e9cis, n\u2019h\u00e9sitez pas \u00e0 me le partager : je m\u2019adapte toujours quand c\u2019est possible.<br \/>\n<\/span><\/p>\n[wpforms id=\"431\" title=\"true\"]\n","protected":false},"featured_media":310,"template":"","meta":[],"product_brand":[],"product_cat":[21],"product_tag":[],"class_list":{"0":"post-309","1":"product","2":"type-product","3":"status-publish","4":"has-post-thumbnail","6":"product_cat-prestations","8":"first","9":"instock","10":"shipping-taxable","11":"product-type-simple"},"jetpack_sharing_enabled":true,"_links":{"self":[{"href":"https:\/\/melissaleite.fr\/index.php?rest_route=\/wp\/v2\/product\/309","targetHints":{"allow":["GET"]}}],"collection":[{"href":"https:\/\/melissaleite.fr\/index.php?rest_route=\/wp\/v2\/product"}],"about":[{"href":"https:\/\/melissaleite.fr\/index.php?rest_route=\/wp\/v2\/types\/product"}],"wp:featuredmedia":[{"embeddable":true,"href":"https:\/\/melissaleite.fr\/index.php?rest_route=\/wp\/v2\/media\/310"}],"wp:attachment":[{"href":"https:\/\/melissaleite.fr\/index.php?rest_route=%2Fwp%2Fv2%2Fmedia&parent=309"}],"wp:term":[{"taxonomy":"product_brand","embeddable":true,"href":"https:\/\/melissaleite.fr\/index.php?rest_route=%2Fwp%2Fv2%2Fproduct_brand&post=309"},{"taxonomy":"product_cat","embeddable":true,"href":"https:\/\/melissaleite.fr\/index.php?rest_route=%2Fwp%2Fv2%2Fproduct_cat&post=309"},{"taxonomy":"product_tag","embeddable":true,"href":"https:\/\/melissaleite.fr\/index.php?rest_route=%2Fwp%2Fv2%2Fproduct_tag&post=309"}],"curies":[{"name":"wp","href":"https:\/\/api.w.org\/{rel}","templated":true}]}}