{"id":437,"date":"2026-03-30T15:03:52","date_gmt":"2026-03-30T13:03:52","guid":{"rendered":"https:\/\/melissaleite.fr\/?post_type=product&#038;p=437"},"modified":"2026-03-30T15:06:55","modified_gmt":"2026-03-30T13:06:55","slug":"illustration-sur-mesure","status":"publish","type":"product","link":"https:\/\/melissaleite.fr\/?product=illustration-sur-mesure","title":{"rendered":"Illustration sur-mesure"},"content":{"rendered":"","protected":false},"excerpt":{"rendered":"<p data-start=\"416\" data-end=\"506\">Chaque illustration sur-mesure est une cr\u00e9ation originale, imagin\u00e9e en dialogue avec vous.<\/p>\n<p data-start=\"508\" data-end=\"729\">Qu\u2019il s\u2019agisse d\u2019un souvenir \u00e0 immortaliser, d\u2019un moment de vie, d\u2019un portrait, ou d\u2019un projet plus singulier, je prends le temps de comprendre votre intention pour donner naissance \u00e0 une image juste, douce et expressive.<\/p>\n<p data-start=\"731\" data-end=\"899\">Mon approche m\u00eale sensibilit\u00e9 artistique et attention aux d\u00e9tails, afin de cr\u00e9er une \u0153uvre qui vous ressemble et qui trouve naturellement sa place dans votre quotidien.<\/p>\n<p data-start=\"901\" data-end=\"928\"><strong data-start=\"901\" data-end=\"926\">Comment \u00e7a se passe ?<\/strong><\/p>\n<ul data-start=\"929\" data-end=\"1166\">\n<li data-section-id=\"1jskx5l\" data-start=\"929\" data-end=\"980\">Vous m&#8217;envoyez votre demande via le formulaire ci-dessous<\/li>\n<li data-section-id=\"1gxkbi9\" data-start=\"981\" data-end=\"1051\">Nous \u00e9changeons sur votre projet (r\u00e9f\u00e9rences, intentions, format\u2026)<\/li>\n<li data-section-id=\"1gxkbi9\" data-start=\"981\" data-end=\"1051\">Afin de r\u00e9server votre projet dans mon planning, un acompte de 40% est demand\u00e9 au moment de la validation du devis. Le solde est \u00e0 r\u00e9gler avant la livraison finale.<\/li>\n<li data-section-id=\"8m139h\" data-start=\"1052\" data-end=\"1091\">Je r\u00e9alise l\u2019illustration avec soin<\/li>\n<li data-section-id=\"1iadlp7\" data-start=\"1092\" data-end=\"1166\">Vous recevez votre cr\u00e9ation finalis\u00e9e (format \u00e0 d\u00e9finir selon le projet)<\/li>\n<\/ul>\n<p><strong data-start=\"127\" data-end=\"147\">\u00c0 partir de 150\u20ac<\/strong><br data-start=\"147\" data-end=\"150\" \/><em data-start=\"150\" data-end=\"228\">Le tarif varie selon le format, le niveau de d\u00e9tail et la nature du projet.<br \/>\nSi vous avez un budget pr\u00e9cis, n\u2019h\u00e9sitez pas \u00e0 me le partager: je m\u2019adapte toujours quand c\u2019est possible.<\/em><\/p>\n[wpforms id=\"431\" title=\"true\"]\n","protected":false},"featured_media":10,"template":"","meta":[],"product_brand":[],"product_cat":[21],"product_tag":[],"class_list":{"0":"post-437","1":"product","2":"type-product","3":"status-publish","4":"has-post-thumbnail","6":"product_cat-prestations","8":"first","9":"instock","10":"shipping-taxable","11":"product-type-simple"},"jetpack_sharing_enabled":true,"_links":{"self":[{"href":"https:\/\/melissaleite.fr\/index.php?rest_route=\/wp\/v2\/product\/437","targetHints":{"allow":["GET"]}}],"collection":[{"href":"https:\/\/melissaleite.fr\/index.php?rest_route=\/wp\/v2\/product"}],"about":[{"href":"https:\/\/melissaleite.fr\/index.php?rest_route=\/wp\/v2\/types\/product"}],"wp:featuredmedia":[{"embeddable":true,"href":"https:\/\/melissaleite.fr\/index.php?rest_route=\/wp\/v2\/media\/10"}],"wp:attachment":[{"href":"https:\/\/melissaleite.fr\/index.php?rest_route=%2Fwp%2Fv2%2Fmedia&parent=437"}],"wp:term":[{"taxonomy":"product_brand","embeddable":true,"href":"https:\/\/melissaleite.fr\/index.php?rest_route=%2Fwp%2Fv2%2Fproduct_brand&post=437"},{"taxonomy":"product_cat","embeddable":true,"href":"https:\/\/melissaleite.fr\/index.php?rest_route=%2Fwp%2Fv2%2Fproduct_cat&post=437"},{"taxonomy":"product_tag","embeddable":true,"href":"https:\/\/melissaleite.fr\/index.php?rest_route=%2Fwp%2Fv2%2Fproduct_tag&post=437"}],"curies":[{"name":"wp","href":"https:\/\/api.w.org\/{rel}","templated":true}]}}