{"id":459,"date":"2026-03-30T17:54:43","date_gmt":"2026-03-30T15:54:43","guid":{"rendered":"https:\/\/melissaleite.fr\/?post_type=product&#038;p=459"},"modified":"2026-03-30T17:54:43","modified_gmt":"2026-03-30T15:54:43","slug":"parcelle-22","status":"publish","type":"product","link":"https:\/\/melissaleite.fr\/?product=parcelle-22","title":{"rendered":"Parcelle 22"},"content":{"rendered":"","protected":false},"excerpt":{"rendered":"<p>Print A5 sign\u00e9 et num\u00e9rot\u00e9 (s\u00e9rie de 25).<br \/>\nImpression professionnelle sur papier d\u2019art 320\u202fg blanc cr\u00e8me l\u00e9g\u00e8rement textur\u00e9.<br \/>\nVendu sous pochette individuelle scell\u00e9e.<br \/>\n<img decoding=\"async\" class=\"emoji\" role=\"img\" draggable=\"false\" src=\"https:\/\/s.w.org\/images\/core\/emoji\/17.0.2\/svg\/2709.svg\" alt=\"\u2709\ufe0f\" \/>\u00a0Livraison offerte.<\/p>\n","protected":false},"featured_media":460,"template":"","meta":[],"product_brand":[],"product_cat":[18],"product_tag":[],"class_list":{"0":"post-459","1":"product","2":"type-product","3":"status-publish","4":"has-post-thumbnail","6":"product_cat-prints","8":"first","9":"instock","10":"shipping-taxable","11":"purchasable","12":"product-type-simple"},"jetpack_sharing_enabled":true,"_links":{"self":[{"href":"https:\/\/melissaleite.fr\/index.php?rest_route=\/wp\/v2\/product\/459","targetHints":{"allow":["GET"]}}],"collection":[{"href":"https:\/\/melissaleite.fr\/index.php?rest_route=\/wp\/v2\/product"}],"about":[{"href":"https:\/\/melissaleite.fr\/index.php?rest_route=\/wp\/v2\/types\/product"}],"wp:featuredmedia":[{"embeddable":true,"href":"https:\/\/melissaleite.fr\/index.php?rest_route=\/wp\/v2\/media\/460"}],"wp:attachment":[{"href":"https:\/\/melissaleite.fr\/index.php?rest_route=%2Fwp%2Fv2%2Fmedia&parent=459"}],"wp:term":[{"taxonomy":"product_brand","embeddable":true,"href":"https:\/\/melissaleite.fr\/index.php?rest_route=%2Fwp%2Fv2%2Fproduct_brand&post=459"},{"taxonomy":"product_cat","embeddable":true,"href":"https:\/\/melissaleite.fr\/index.php?rest_route=%2Fwp%2Fv2%2Fproduct_cat&post=459"},{"taxonomy":"product_tag","embeddable":true,"href":"https:\/\/melissaleite.fr\/index.php?rest_route=%2Fwp%2Fv2%2Fproduct_tag&post=459"}],"curies":[{"name":"wp","href":"https:\/\/api.w.org\/{rel}","templated":true}]}}